{"id":22693,"date":"2024-03-11T15:36:12","date_gmt":"2024-03-11T13:36:12","guid":{"rendered":"https:\/\/miles.dev.focus-on.gr\/santorini\/"},"modified":"2025-07-21T11:52:27","modified_gmt":"2025-07-21T08:52:27","slug":"santorini","status":"publish","type":"page","link":"https:\/\/milesaway.gr\/en\/santorini\/","title":{"rendered":"SANTORINI"},"content":{"rendered":"\t\t<div data-elementor-type=\"wp-page\" data-elementor-id=\"22693\" class=\"elementor elementor-22693 elementor-21233\">\n\t\t\t\t<div class=\"elementor-element elementor-element-4e1b398 e-con-full e-flex e-con e-parent\" data-id=\"4e1b398\" data-element_type=\"container\">\n\t\t\t\t<div class=\"elementor-element elementor-element-5ed9013 elementor-arrows-position-inside elementor-widget elementor-widget-image-carousel\" data-id=\"5ed9013\" data-element_type=\"widget\" data-settings=\"{&quot;slides_to_show&quot;:&quot;3&quot;,&quot;slides_to_scroll&quot;:&quot;1&quot;,&quot;navigation&quot;:&quot;arrows&quot;,&quot;slides_to_show_mobile&quot;:&quot;1&quot;,&quot;autoplay&quot;:&quot;yes&quot;,&quot;pause_on_hover&quot;:&quot;yes&quot;,&quot;pause_on_interaction&quot;:&quot;yes&quot;,&quot;autoplay_speed&quot;:5000,&quot;infinite&quot;:&quot;yes&quot;,&quot;speed&quot;:500,&quot;image_spacing_custom&quot;:{&quot;unit&quot;:&quot;px&quot;,&quot;size&quot;:20,&quot;sizes&quot;:[]},&quot;image_spacing_custom_widescreen&quot;:{&quot;unit&quot;:&quot;px&quot;,&quot;size&quot;:&quot;&quot;,&quot;sizes&quot;:[]},&quot;image_spacing_custom_laptop&quot;:{&quot;unit&quot;:&quot;px&quot;,&quot;size&quot;:&quot;&quot;,&quot;sizes&quot;:[]},&quot;image_spacing_custom_tablet_extra&quot;:{&quot;unit&quot;:&quot;px&quot;,&quot;size&quot;:&quot;&quot;,&quot;sizes&quot;:[]},&quot;image_spacing_custom_tablet&quot;:{&quot;unit&quot;:&quot;px&quot;,&quot;size&quot;:&quot;&quot;,&quot;sizes&quot;:[]}}\" data-widget_type=\"image-carousel.default\">\n\t\t\t\t<div class=\"elementor-widget-container\">\n\t\t\t\t\t\t\t<div class=\"elementor-image-carousel-wrapper swiper\" role=\"region\" aria-roledescription=\"carousel\" aria-label=\"\u039a\u03b1\u03c1\u03bf\u03c5\u03b6\u03ad\u03bb \u0395\u03b9\u03ba\u03cc\u03bd\u03b1\u03c2\" dir=\"ltr\">\n\t\t\t<div class=\"elementor-image-carousel swiper-wrapper\" aria-live=\"off\">\n\t\t\t\t\t\t\t\t<div class=\"swiper-slide\" role=\"group\" aria-roledescription=\"slide\" aria-label=\"1 of 6\"><figure class=\"swiper-slide-inner\"><img decoding=\"async\" class=\"swiper-slide-image\" src=\"https:\/\/milesaway.gr\/wp-content\/uploads\/2024\/03\/Oia-Miles-Away-Travel-01-900x600.jpg\" alt=\"Oia Miles Away Travel 01\" \/><\/figure><\/div><div class=\"swiper-slide\" role=\"group\" aria-roledescription=\"slide\" aria-label=\"2 of 6\"><figure class=\"swiper-slide-inner\"><img decoding=\"async\" class=\"swiper-slide-image\" src=\"https:\/\/milesaway.gr\/wp-content\/uploads\/2024\/03\/Santorini-Miles-Away-Travel-04-900x600.jpg\" alt=\"Santorini Miles Away Travel 04\" \/><\/figure><\/div><div class=\"swiper-slide\" role=\"group\" aria-roledescription=\"slide\" aria-label=\"3 of 6\"><figure class=\"swiper-slide-inner\"><img decoding=\"async\" class=\"swiper-slide-image\" src=\"https:\/\/milesaway.gr\/wp-content\/uploads\/2025\/03\/Santorini-Miles-Away-Travel-03-900x600.jpg\" alt=\"Santorini Miles Away Travel 03\" \/><\/figure><\/div><div class=\"swiper-slide\" role=\"group\" aria-roledescription=\"slide\" aria-label=\"4 of 6\"><figure class=\"swiper-slide-inner\"><img decoding=\"async\" class=\"swiper-slide-image\" src=\"https:\/\/milesaway.gr\/wp-content\/uploads\/2025\/03\/santorini-1-900x600.jpg\" alt=\"santorini 1\" \/><\/figure><\/div><div class=\"swiper-slide\" role=\"group\" aria-roledescription=\"slide\" aria-label=\"5 of 6\"><figure class=\"swiper-slide-inner\"><img decoding=\"async\" class=\"swiper-slide-image\" src=\"https:\/\/milesaway.gr\/wp-content\/uploads\/2025\/03\/Santorini-Miles-Away-Travel-02-900x600.jpg\" alt=\"Santorini Miles Away Travel 02\" \/><\/figure><\/div><div class=\"swiper-slide\" role=\"group\" aria-roledescription=\"slide\" aria-label=\"6 of 6\"><figure class=\"swiper-slide-inner\"><img decoding=\"async\" class=\"swiper-slide-image\" src=\"https:\/\/milesaway.gr\/wp-content\/uploads\/2024\/03\/Santorini-Miles-Away-Travel-900x600.jpg\" alt=\"Santorini Miles Away Travel\" \/><\/figure><\/div>\t\t\t<\/div>\n\t\t\t\t\t\t\t\t\t\t\t\t<div class=\"elementor-swiper-button elementor-swiper-button-prev\" role=\"button\" tabindex=\"0\">\n\t\t\t\t\t\t<svg aria-hidden=\"true\" class=\"e-font-icon-svg e-eicon-chevron-left\" viewBox=\"0 0 1000 1000\" xmlns=\"http:\/\/www.w3.org\/2000\/svg\"><path d=\"M646 125C629 125 613 133 604 142L308 442C296 454 292 471 292 487 292 504 296 521 308 533L604 854C617 867 629 875 646 875 663 875 679 871 692 858 704 846 713 829 713 812 713 796 708 779 692 767L438 487 692 225C700 217 708 204 708 187 708 171 704 154 692 142 675 129 663 125 646 125Z\"><\/path><\/svg>\t\t\t\t\t<\/div>\n\t\t\t\t\t<div class=\"elementor-swiper-button elementor-swiper-button-next\" role=\"button\" tabindex=\"0\">\n\t\t\t\t\t\t<svg aria-hidden=\"true\" class=\"e-font-icon-svg e-eicon-chevron-right\" viewBox=\"0 0 1000 1000\" xmlns=\"http:\/\/www.w3.org\/2000\/svg\"><path d=\"M696 533C708 521 713 504 713 487 713 471 708 454 696 446L400 146C388 133 375 125 354 125 338 125 325 129 313 142 300 154 292 171 292 187 292 204 296 221 308 233L563 492 304 771C292 783 288 800 288 817 288 833 296 850 308 863 321 871 338 875 354 875 371 875 388 867 400 854L696 533Z\"><\/path><\/svg>\t\t\t\t\t<\/div>\n\t\t\t\t\n\t\t\t\t\t\t\t\t\t<\/div>\n\t\t\t\t\t\t<\/div>\n\t\t\t\t<\/div>\n\t\t\t\t<\/div>\n\t\t<div class=\"elementor-element elementor-element-c86bb7f e-con-full e-flex e-con e-parent\" data-id=\"c86bb7f\" data-element_type=\"container\">\n\t\t\t\t<div class=\"elementor-element elementor-element-2b350f0 elementor-widget elementor-widget-text-editor\" data-id=\"2b350f0\" data-element_type=\"widget\" data-widget_type=\"text-editor.default\">\n\t\t\t\t<div class=\"elementor-widget-container\">\n\t\t\t\t\t\t\t\t\t<p style=\"text-align: right;\">source tresorhotels.com<\/p>\t\t\t\t\t\t\t\t<\/div>\n\t\t\t\t<\/div>\n\t\t\t\t<\/div>\n\t\t<div class=\"elementor-element elementor-element-98cccd3 e-flex e-con-boxed e-con e-parent\" data-id=\"98cccd3\" data-element_type=\"container\">\n\t\t\t\t\t<div class=\"e-con-inner\">\n\t\t\t\t<div class=\"elementor-element elementor-element-1775e96 elementor-widget elementor-widget-heading\" data-id=\"1775e96\" data-element_type=\"widget\" data-widget_type=\"heading.default\">\n\t\t\t\t<div class=\"elementor-widget-container\">\n\t\t\t\t\t<h1 class=\"elementor-heading-title elementor-size-default\">Santorini\n\n\n<\/h1>\t\t\t\t<\/div>\n\t\t\t\t<\/div>\n\t\t\t\t\t<\/div>\n\t\t\t\t<\/div>\n\t\t<div class=\"elementor-element elementor-element-82303c5 e-flex e-con-boxed e-con e-parent\" data-id=\"82303c5\" data-element_type=\"container\">\n\t\t\t\t\t<div class=\"e-con-inner\">\n\t\t\t\t<div class=\"elementor-element elementor-element-b31bff6 elementor-widget elementor-widget-text-editor\" data-id=\"b31bff6\" data-element_type=\"widget\" data-widget_type=\"text-editor.default\">\n\t\t\t\t<div class=\"elementor-widget-container\">\n\t\t\t\t\t\t\t\t\t<p>Crescent-shaped\u00a0<strong>Santorini (or Th\u00edra)<\/strong>, the precious gem of the Aegean, is actually a group of islands consisting of Th\u00edra, Thirassi\u00e1, Aspron\u00edssi, Palea and Nea Kam\u00e9ni in the southernmost part of\u00a0<strong>Cyclades<\/strong>.<\/p><p>Did you know that the whole complex of Santorini islands is still an\u00a0<strong>active volcano<\/strong>\u00a0(the same as M\u00e9thana, M\u00edlos and N\u00edsiros) and probably the only volcano in the world whose crater is in the sea? The islands that form Santorini came into existence as a result of intensive volcanic activity; twelve huge eruptions occurred, one every 20,000 years approximately, and each violent eruption caused the collapse of the volcano\u2019s central part creating a large crater (caldera). The volcano, however, managed to recreate itself over and over again.<\/p><p>The last big eruption occurred 3,600 years ago (during the Minoan Age), when igneous material (mainly ash, pumice and lava stones) covered the three islands (Th\u00edra, Thirassi\u00e1 and Aspron\u00edssi). The eruption destroyed the thriving local prehistoric civilization, evidence of which was found during the excavations of a settlement at Akrot\u00edri. The solid material and gases emerging from the volcano\u2019s interior created a huge \u201cvacuum\u201d underneath, causing the collapse of the central part and the creation of an enormous \u201cpot\u201d \u2013today\u2019s Caldera\u2013 with a size of 8\u00d74 km and a depth of up to 400m below sea level.<\/p><p>The eruption of the submarine volcano Kol\u00fambo, located 6.5 km. NE of Santorini, on 27th September 1650, was actually the largest recorded in Eastern Mediterranean during the past millennium! The most recent volcanic activity on the island occurred in 1950. The whole island is actually a huge natural geological\/volcanological museum where you can observe a wide range of geological structures and forms!<\/p><p><strong>Searching for romance<\/strong><br \/>Santorini is considered to be the most sought after place for a\u00a0<strong>romantic getaway<\/strong>\u00a0in Greece, since there are not many places in the world where you can enjoy exquisitely clear waters while perched on the rim of a massive active volcano in the middle of the sea! The island has a growing reputation as a \u201c<strong>wedding destination<\/strong>\u201d for couples not only from Greece but from all over the world. A trip to Santorini with the other half is a dream for anyone who has seen at least one photo of the island\u2019s famous Caldera and exchanging kisses beneath Santorini\u2019s famous sunset is the ultimate romantic experience!<\/p><p><strong>Explore the island\u2019s towns<\/strong><br \/>Fir\u00e1 is the picturesque capital of the island; perched high up on the edge of the Caldera, it looks like a marvellous painting.\u00a0<strong>Fir\u00e1,<\/strong>\u00a0together with\u00a0<strong>Oia<\/strong>,\u00a0<strong>Imerov\u00edgli<\/strong>\u00a0and\u00a0<strong>Firostef\u00e1ni<\/strong>\u00a0located high above on a cliff, make up the so-called \u201cCaldera\u2019s eyebrow\u201d, the balcony of Santorini, which offers an amazing view of the volcano. Other famous smaller villages are Akrot\u00edri and M\u00e9ssa Voun\u00f3, with their famous\u00a0<strong>ar<\/strong><strong>chaeological sites<\/strong>, P\u00fdrgos, Karter\u00e1des, Empori\u00f3, Ammo\u00fadi, Finiki\u00e1, Per\u00edssa, Per\u00edvolos, Megaloh\u00f3ri, Kam\u00e1ri, Messari\u00e1 and Mon\u00f3lithos: some of the villages are cosmopolitan some more peaceful; they are surrounded by vast vineyards; whitewashed cliff-top towns with castles affording amazing views out over the Aegean. Soaking up the villages\u2019 distinctive traditional atmosphere is a very rewarding experience.<\/p><p>A visit to Santorini is the ultimate gastronomic experience, as the island is a true\u00a0<strong>culinary paradise<\/strong>! Treat your taste buds to some famous\u00a0<strong>traditional products<\/strong>\u00a0like cherry tomatoes, white egg plants, fava, caper and \u201chlor\u00f3 tyr\u00ed\u201d, a special kind of fresh goat cheese found on the island, or why not try some of the exceptional wines produced from grapes grown in the volcanic soil of the island! Assyrtiko, Athyri, Aidani, Mantilaria and Mavrotragano are just some of the distinctive varieties that you can taste at the island\u2019s famous wineries (some of them operate as a museum as well) or at restaurants.<\/p><p><strong>Head to volcanic beaches<\/strong><br \/>Venture into Santorini\u2019s\u00a0<strong>seaside treasures<\/strong>\u00a0and enjoy deep blue waters and\u00a0<strong>beaches<\/strong>\u00a0with white, red or black sand or volcanic pebbles, spectacular rock formations and impressive lunar landscapes.<br \/>Santorini, the youngest volcanic land in the Eastern Mediterranean, is waiting for you! You can reach it by plane or by ship from Piraeus. Don\u2019t think twice! Experience for yourself the once-in-a-lifetime romance and charm of this pearl of the Aegean.<\/p>\t\t\t\t\t\t\t\t<\/div>\n\t\t\t\t<\/div>\n\t\t\t\t\t<\/div>\n\t\t\t\t<\/div>\n\t\t\t\t<\/div>\n\t\t","protected":false},"excerpt":{"rendered":"<p>&nbsp; source tresorhotels.com Santorini Crescent-shaped\u00a0Santorini (or Th\u00edra), the precious gem of the Aegean, is actually a group of islands consisting of Th\u00edra, Thirassi\u00e1, Aspron\u00edssi, Palea and Nea Kam\u00e9ni in the southernmost part of\u00a0Cyclades. Did you know that the whole complex of Santorini islands is still an\u00a0active volcano\u00a0(the same as M\u00e9thana, M\u00edlos and N\u00edsiros) and probably [&hellip;]<\/p>\n","protected":false},"author":1,"featured_media":21351,"parent":0,"menu_order":0,"comment_status":"closed","ping_status":"closed","template":"template-blank.php","meta":{"footnotes":""},"class_list":["post-22693","page","type-page","status-publish","has-post-thumbnail","hentry"],"yoast_head":"<!-- This site is optimized with the Yoast SEO plugin v26.1.1 - https:\/\/yoast.com\/wordpress\/plugins\/seo\/ -->\n<title>SANTORINI - Miles Away Travel<\/title>\n<meta name=\"description\" content=\"Experience Santorini with Miles Away: private transfers, car rentals, and island tours. Discover iconic calderas, vineyards &amp; seaside villages with ease.\" \/>\n<meta name=\"robots\" content=\"index, follow, max-snippet:-1, max-image-preview:large, max-video-preview:-1\" \/>\n<link rel=\"canonical\" href=\"https:\/\/milesaway.gr\/en\/santorini\/\" \/>\n<meta property=\"og:locale\" content=\"en_US\" \/>\n<meta property=\"og:type\" content=\"article\" \/>\n<meta property=\"og:title\" content=\"SANTORINI - Miles Away Travel\" \/>\n<meta property=\"og:description\" content=\"Experience Santorini with Miles Away: private transfers, car rentals, and island tours. Discover iconic calderas, vineyards &amp; seaside villages with ease.\" \/>\n<meta property=\"og:url\" content=\"https:\/\/milesaway.gr\/en\/santorini\/\" \/>\n<meta property=\"og:site_name\" content=\"Miles Away Travel\" \/>\n<meta property=\"article:modified_time\" content=\"2025-07-21T08:52:27+00:00\" \/>\n<meta property=\"og:image\" content=\"https:\/\/milesaway.gr\/wp-content\/uploads\/2024\/03\/panoramic-view-oia-morning-santorini-greece_268835-3503.jpg\" \/>\n\t<meta property=\"og:image:width\" content=\"1380\" \/>\n\t<meta property=\"og:image:height\" content=\"600\" \/>\n\t<meta property=\"og:image:type\" content=\"image\/jpeg\" \/>\n<meta name=\"twitter:card\" content=\"summary_large_image\" \/>\n<meta name=\"twitter:label1\" content=\"Est. reading time\" \/>\n\t<meta name=\"twitter:data1\" content=\"6 minutes\" \/>\n<script type=\"application\/ld+json\" class=\"yoast-schema-graph\">{\"@context\":\"https:\/\/schema.org\",\"@graph\":[{\"@type\":\"WebPage\",\"@id\":\"https:\/\/milesaway.gr\/en\/santorini\/\",\"url\":\"https:\/\/milesaway.gr\/en\/santorini\/\",\"name\":\"SANTORINI - Miles Away Travel\",\"isPartOf\":{\"@id\":\"https:\/\/milesaway.gr\/#website\"},\"primaryImageOfPage\":{\"@id\":\"https:\/\/milesaway.gr\/en\/santorini\/#primaryimage\"},\"image\":{\"@id\":\"https:\/\/milesaway.gr\/en\/santorini\/#primaryimage\"},\"thumbnailUrl\":\"https:\/\/milesaway.gr\/wp-content\/uploads\/2024\/03\/panoramic-view-oia-morning-santorini-greece_268835-3503.jpg\",\"datePublished\":\"2024-03-11T13:36:12+00:00\",\"dateModified\":\"2025-07-21T08:52:27+00:00\",\"description\":\"Experience Santorini with Miles Away: private transfers, car rentals, and island tours. Discover iconic calderas, vineyards & seaside villages with ease.\",\"breadcrumb\":{\"@id\":\"https:\/\/milesaway.gr\/en\/santorini\/#breadcrumb\"},\"inLanguage\":\"en-US\",\"potentialAction\":[{\"@type\":\"ReadAction\",\"target\":[\"https:\/\/milesaway.gr\/en\/santorini\/\"]}]},{\"@type\":\"ImageObject\",\"inLanguage\":\"en-US\",\"@id\":\"https:\/\/milesaway.gr\/en\/santorini\/#primaryimage\",\"url\":\"https:\/\/milesaway.gr\/wp-content\/uploads\/2024\/03\/panoramic-view-oia-morning-santorini-greece_268835-3503.jpg\",\"contentUrl\":\"https:\/\/milesaway.gr\/wp-content\/uploads\/2024\/03\/panoramic-view-oia-morning-santorini-greece_268835-3503.jpg\",\"width\":1380,\"height\":600,\"caption\":\"panoramic view oia morning santorini greece 268835 3503\"},{\"@type\":\"BreadcrumbList\",\"@id\":\"https:\/\/milesaway.gr\/en\/santorini\/#breadcrumb\",\"itemListElement\":[{\"@type\":\"ListItem\",\"position\":1,\"name\":\"Home\",\"item\":\"https:\/\/milesaway.gr\/en\/\"},{\"@type\":\"ListItem\",\"position\":2,\"name\":\"SANTORINI\"}]},{\"@type\":\"WebSite\",\"@id\":\"https:\/\/milesaway.gr\/#website\",\"url\":\"https:\/\/milesaway.gr\/\",\"name\":\"Miles Away Travel\",\"description\":\"\",\"publisher\":{\"@id\":\"https:\/\/milesaway.gr\/#organization\"},\"potentialAction\":[{\"@type\":\"SearchAction\",\"target\":{\"@type\":\"EntryPoint\",\"urlTemplate\":\"https:\/\/milesaway.gr\/?s={search_term_string}\"},\"query-input\":{\"@type\":\"PropertyValueSpecification\",\"valueRequired\":true,\"valueName\":\"search_term_string\"}}],\"inLanguage\":\"en-US\"},{\"@type\":\"Organization\",\"@id\":\"https:\/\/milesaway.gr\/#organization\",\"name\":\"Miles Away Travel\",\"url\":\"https:\/\/milesaway.gr\/\",\"logo\":{\"@type\":\"ImageObject\",\"inLanguage\":\"en-US\",\"@id\":\"https:\/\/milesaway.gr\/#\/schema\/logo\/image\/\",\"url\":\"https:\/\/milesaway.gr\/wp-content\/uploads\/2024\/03\/MilesAway-logo3-1.png\",\"contentUrl\":\"https:\/\/milesaway.gr\/wp-content\/uploads\/2024\/03\/MilesAway-logo3-1.png\",\"width\":180,\"height\":67,\"caption\":\"Miles Away Travel\"},\"image\":{\"@id\":\"https:\/\/milesaway.gr\/#\/schema\/logo\/image\/\"}}]}<\/script>\n<!-- \/ Yoast SEO plugin. -->","yoast_head_json":{"title":"SANTORINI - Miles Away Travel","description":"Experience Santorini with Miles Away: private transfers, car rentals, and island tours. Discover iconic calderas, vineyards & seaside villages with ease.","robots":{"index":"index","follow":"follow","max-snippet":"max-snippet:-1","max-image-preview":"max-image-preview:large","max-video-preview":"max-video-preview:-1"},"canonical":"https:\/\/milesaway.gr\/en\/santorini\/","og_locale":"en_US","og_type":"article","og_title":"SANTORINI - Miles Away Travel","og_description":"Experience Santorini with Miles Away: private transfers, car rentals, and island tours. Discover iconic calderas, vineyards & seaside villages with ease.","og_url":"https:\/\/milesaway.gr\/en\/santorini\/","og_site_name":"Miles Away Travel","article_modified_time":"2025-07-21T08:52:27+00:00","og_image":[{"width":1380,"height":600,"url":"https:\/\/milesaway.gr\/wp-content\/uploads\/2024\/03\/panoramic-view-oia-morning-santorini-greece_268835-3503.jpg","type":"image\/jpeg"}],"twitter_card":"summary_large_image","twitter_misc":{"Est. reading time":"6 minutes"},"schema":{"@context":"https:\/\/schema.org","@graph":[{"@type":"WebPage","@id":"https:\/\/milesaway.gr\/en\/santorini\/","url":"https:\/\/milesaway.gr\/en\/santorini\/","name":"SANTORINI - Miles Away Travel","isPartOf":{"@id":"https:\/\/milesaway.gr\/#website"},"primaryImageOfPage":{"@id":"https:\/\/milesaway.gr\/en\/santorini\/#primaryimage"},"image":{"@id":"https:\/\/milesaway.gr\/en\/santorini\/#primaryimage"},"thumbnailUrl":"https:\/\/milesaway.gr\/wp-content\/uploads\/2024\/03\/panoramic-view-oia-morning-santorini-greece_268835-3503.jpg","datePublished":"2024-03-11T13:36:12+00:00","dateModified":"2025-07-21T08:52:27+00:00","description":"Experience Santorini with Miles Away: private transfers, car rentals, and island tours. Discover iconic calderas, vineyards & seaside villages with ease.","breadcrumb":{"@id":"https:\/\/milesaway.gr\/en\/santorini\/#breadcrumb"},"inLanguage":"en-US","potentialAction":[{"@type":"ReadAction","target":["https:\/\/milesaway.gr\/en\/santorini\/"]}]},{"@type":"ImageObject","inLanguage":"en-US","@id":"https:\/\/milesaway.gr\/en\/santorini\/#primaryimage","url":"https:\/\/milesaway.gr\/wp-content\/uploads\/2024\/03\/panoramic-view-oia-morning-santorini-greece_268835-3503.jpg","contentUrl":"https:\/\/milesaway.gr\/wp-content\/uploads\/2024\/03\/panoramic-view-oia-morning-santorini-greece_268835-3503.jpg","width":1380,"height":600,"caption":"panoramic view oia morning santorini greece 268835 3503"},{"@type":"BreadcrumbList","@id":"https:\/\/milesaway.gr\/en\/santorini\/#breadcrumb","itemListElement":[{"@type":"ListItem","position":1,"name":"Home","item":"https:\/\/milesaway.gr\/en\/"},{"@type":"ListItem","position":2,"name":"SANTORINI"}]},{"@type":"WebSite","@id":"https:\/\/milesaway.gr\/#website","url":"https:\/\/milesaway.gr\/","name":"Miles Away Travel","description":"","publisher":{"@id":"https:\/\/milesaway.gr\/#organization"},"potentialAction":[{"@type":"SearchAction","target":{"@type":"EntryPoint","urlTemplate":"https:\/\/milesaway.gr\/?s={search_term_string}"},"query-input":{"@type":"PropertyValueSpecification","valueRequired":true,"valueName":"search_term_string"}}],"inLanguage":"en-US"},{"@type":"Organization","@id":"https:\/\/milesaway.gr\/#organization","name":"Miles Away Travel","url":"https:\/\/milesaway.gr\/","logo":{"@type":"ImageObject","inLanguage":"en-US","@id":"https:\/\/milesaway.gr\/#\/schema\/logo\/image\/","url":"https:\/\/milesaway.gr\/wp-content\/uploads\/2024\/03\/MilesAway-logo3-1.png","contentUrl":"https:\/\/milesaway.gr\/wp-content\/uploads\/2024\/03\/MilesAway-logo3-1.png","width":180,"height":67,"caption":"Miles Away Travel"},"image":{"@id":"https:\/\/milesaway.gr\/#\/schema\/logo\/image\/"}}]}},"_links":{"self":[{"href":"https:\/\/milesaway.gr\/en\/wp-json\/wp\/v2\/pages\/22693","targetHints":{"allow":["GET"]}}],"collection":[{"href":"https:\/\/milesaway.gr\/en\/wp-json\/wp\/v2\/pages"}],"about":[{"href":"https:\/\/milesaway.gr\/en\/wp-json\/wp\/v2\/types\/page"}],"author":[{"embeddable":true,"href":"https:\/\/milesaway.gr\/en\/wp-json\/wp\/v2\/users\/1"}],"replies":[{"embeddable":true,"href":"https:\/\/milesaway.gr\/en\/wp-json\/wp\/v2\/comments?post=22693"}],"version-history":[{"count":7,"href":"https:\/\/milesaway.gr\/en\/wp-json\/wp\/v2\/pages\/22693\/revisions"}],"predecessor-version":[{"id":36787,"href":"https:\/\/milesaway.gr\/en\/wp-json\/wp\/v2\/pages\/22693\/revisions\/36787"}],"wp:featuredmedia":[{"embeddable":true,"href":"https:\/\/milesaway.gr\/en\/wp-json\/wp\/v2\/media\/21351"}],"wp:attachment":[{"href":"https:\/\/milesaway.gr\/en\/wp-json\/wp\/v2\/media?parent=22693"}],"curies":[{"name":"wp","href":"https:\/\/api.w.org\/{rel}","templated":true}]}}